{"id":2,"date":"2015-07-29T14:32:45","date_gmt":"2015-07-29T13:32:45","guid":{"rendered":"http:\/\/www.juliebessard.com\/wp\/?page_id=2"},"modified":"2024-02-09T17:26:09","modified_gmt":"2024-02-09T16:26:09","slug":"presentation","status":"publish","type":"page","link":"https:\/\/juliebessard.com\/fr\/","title":{"rendered":"Pr\u00e9sentation"},"content":{"rendered":"<h1>Artiste plasticienne<\/h1>\n<hr \/>\n<p><img loading=\"lazy\" decoding=\"async\" class=\"alignnone wp-image-588 size-full\" src=\"https:\/\/juliebessard.comwp\/wp-content\/uploads\/2022\/06\/bessard-atelier-artiste-06-2022.jpg\" alt=\"L'atelier de l'artiste plasticienne Julie Bessard\" width=\"1600\" height=\"1084\" srcset=\"https:\/\/juliebessard.com\/wp-content\/uploads\/2022\/06\/bessard-atelier-artiste-06-2022.jpg 1600w, https:\/\/juliebessard.com\/wp-content\/uploads\/2022\/06\/bessard-atelier-artiste-06-2022-886x600.jpg 886w, https:\/\/juliebessard.com\/wp-content\/uploads\/2022\/06\/bessard-atelier-artiste-06-2022-1536x1041.jpg 1536w\" sizes=\"auto, (max-width: 1600px) 100vw, 1600px\" \/><\/p>\n<p>Je pratique parall\u00e8lement la peinture, l\u2019installation et le dessin depuis 1995. Mes installations multim\u00e9dia forment des environnements mobiles et sonores, rencontres de formes archa\u00efques et de jeux illusionnistes. Les formes sculpt\u00e9es sont en paille incrust\u00e9e de centaines milliers d\u2019agrafes en cuivre qui accrochent la lumi\u00e8re. Mon travail pictural est caract\u00e9ris\u00e9 par des compositions frontales tr\u00e8s vives avec de fortes tensions color\u00e9es r\u00e9alis\u00e9es sur un temps tr\u00e8s court. Le m\u00eame vocabulaire formel chemine en se transformant d\u2019une pi\u00e8ce \u00e0 l\u2019autre comme une conversation interrompue. Mes dessins de 2011 se sont faits dans la pulsion d\u2019un temps court, avec des outils graphiques limit\u00e9s. J\u2019y ai recherch\u00e9 la justesse de l\u2019instant dans la vari\u00e9t\u00e9 et la succession des \u00e9motions et des pens\u00e9es qui nourrissent les configurations spatiales. Depuis 2015, je poursuis ce travail au pastel \u00e0 l\u2019huile sur papier avec de plus grands formats.<\/p>","protected":false},"excerpt":{"rendered":"<p>Artiste plasticienne Je pratique parall\u00e8lement la peinture, l\u2019installation et le dessin depuis 1995. Mes installations multim\u00e9dia forment des environnements mobiles et sonores, rencontres de formes archa\u00efques et de jeux illusionnistes. Les formes sculpt\u00e9es sont en paille incrust\u00e9e de centaines milliers d\u2019agrafes en cuivre qui accrochent la lumi\u00e8re. Mon travail pictural est caract\u00e9ris\u00e9 par des compositions [&hellip;]<\/p>","protected":false},"author":1,"featured_media":0,"parent":0,"menu_order":0,"comment_status":"open","ping_status":"open","template":"","meta":{"footnotes":""},"class_list":["post-2","page","type-page","status-publish","hentry"],"_links":{"self":[{"href":"https:\/\/juliebessard.com\/fr\/wp-json\/wp\/v2\/pages\/2","targetHints":{"allow":["GET"]}}],"collection":[{"href":"https:\/\/juliebessard.com\/fr\/wp-json\/wp\/v2\/pages"}],"about":[{"href":"https:\/\/juliebessard.com\/fr\/wp-json\/wp\/v2\/types\/page"}],"author":[{"embeddable":true,"href":"https:\/\/juliebessard.com\/fr\/wp-json\/wp\/v2\/users\/1"}],"replies":[{"embeddable":true,"href":"https:\/\/juliebessard.com\/fr\/wp-json\/wp\/v2\/comments?post=2"}],"version-history":[{"count":29,"href":"https:\/\/juliebessard.com\/fr\/wp-json\/wp\/v2\/pages\/2\/revisions"}],"predecessor-version":[{"id":721,"href":"https:\/\/juliebessard.com\/fr\/wp-json\/wp\/v2\/pages\/2\/revisions\/721"}],"wp:attachment":[{"href":"https:\/\/juliebessard.com\/fr\/wp-json\/wp\/v2\/media?parent=2"}],"curies":[{"name":"wp","href":"https:\/\/api.w.org\/{rel}","templated":true}]}}