{"id":28,"date":"2015-08-03T14:56:03","date_gmt":"2015-08-03T13:56:03","guid":{"rendered":"http:\/\/www.juliebessard.com\/wp\/?page_id=28"},"modified":"2023-08-02T15:34:25","modified_gmt":"2023-08-02T14:34:25","slug":"credits","status":"publish","type":"page","link":"https:\/\/juliebessard.com\/fr\/credits\/","title":{"rendered":"Cr\u00e9dits"},"content":{"rendered":"<h1>Cr\u00e9dits<\/h1>\n<hr \/>\n<p><strong>Conception et r\u00e9alisation&nbsp;:<br \/>\n<\/strong>Guillaume Dethorey<br \/>\n<a href=\"http:\/\/gdethorey.com\" target=\"_blank\" rel=\"noopener\">www.gdethorey.com<\/a><\/p>\n<p><strong>H\u00e9bergement&nbsp;: o2switch<br \/>\n<\/strong>Chemin des Pardiaux<br \/>\n63000 Clermont-Ferrand<br \/>\n<a href=\"http:\/\/o2switch.fr\" target=\"_blank\" rel=\"noopener\">o2switch.fr<\/a><\/p>","protected":false},"excerpt":{"rendered":"<p>Cr\u00e9dits Conception et r\u00e9alisation&nbsp;: Guillaume Dethorey www.gdethorey.com H\u00e9bergement&nbsp;: o2switch Chemin des Pardiaux 63000 Clermont-Ferrand o2switch.fr<\/p>","protected":false},"author":1,"featured_media":0,"parent":0,"menu_order":0,"comment_status":"closed","ping_status":"closed","template":"","meta":{"footnotes":""},"class_list":["post-28","page","type-page","status-publish","hentry"],"_links":{"self":[{"href":"https:\/\/juliebessard.com\/fr\/wp-json\/wp\/v2\/pages\/28","targetHints":{"allow":["GET"]}}],"collection":[{"href":"https:\/\/juliebessard.com\/fr\/wp-json\/wp\/v2\/pages"}],"about":[{"href":"https:\/\/juliebessard.com\/fr\/wp-json\/wp\/v2\/types\/page"}],"author":[{"embeddable":true,"href":"https:\/\/juliebessard.com\/fr\/wp-json\/wp\/v2\/users\/1"}],"replies":[{"embeddable":true,"href":"https:\/\/juliebessard.com\/fr\/wp-json\/wp\/v2\/comments?post=28"}],"version-history":[{"count":12,"href":"https:\/\/juliebessard.com\/fr\/wp-json\/wp\/v2\/pages\/28\/revisions"}],"predecessor-version":[{"id":658,"href":"https:\/\/juliebessard.com\/fr\/wp-json\/wp\/v2\/pages\/28\/revisions\/658"}],"wp:attachment":[{"href":"https:\/\/juliebessard.com\/fr\/wp-json\/wp\/v2\/media?parent=28"}],"curies":[{"name":"wp","href":"https:\/\/api.w.org\/{rel}","templated":true}]}}