{"id":6,"date":"2015-08-03T14:47:47","date_gmt":"2015-08-03T13:47:47","guid":{"rendered":"http:\/\/www.juliebessard.com\/wp\/?page_id=6"},"modified":"2023-08-01T17:08:27","modified_gmt":"2023-08-01T16:08:27","slug":"expositions","status":"publish","type":"page","link":"https:\/\/juliebessard.com\/fr\/expositions\/","title":{"rendered":"Expositions"},"content":{"rendered":"<h1>Expositions<\/h1>\n<hr \/>\n<h2><a href=\"\/la-peinture-en-eclats\/\">La peinture en \u00e9clats<\/a><\/h2>\n<h2><a href=\"\/ombres-et-jubilations\/\">Ombres et jubilations<\/a><\/h2>\n<h2><a href=\"\/fonoirs\/\">Fonoirs<\/a><\/h2>\n<h2><a href=\"\/chimeres\/\">Chim\u00e8res<\/a><\/h2>\n<h2><a href=\"\/serie-rouge\/\">S\u00e9rie Rouge<\/a><\/h2>\n<h2><\/h2>","protected":false},"excerpt":{"rendered":"<p>Expositions La peinture en \u00e9clats Ombres et jubilations Fonoirs Chim\u00e8res S\u00e9rie Rouge<\/p>","protected":false},"author":1,"featured_media":0,"parent":0,"menu_order":0,"comment_status":"closed","ping_status":"closed","template":"","meta":{"footnotes":""},"class_list":["post-6","page","type-page","status-publish","hentry"],"_links":{"self":[{"href":"https:\/\/juliebessard.com\/fr\/wp-json\/wp\/v2\/pages\/6","targetHints":{"allow":["GET"]}}],"collection":[{"href":"https:\/\/juliebessard.com\/fr\/wp-json\/wp\/v2\/pages"}],"about":[{"href":"https:\/\/juliebessard.com\/fr\/wp-json\/wp\/v2\/types\/page"}],"author":[{"embeddable":true,"href":"https:\/\/juliebessard.com\/fr\/wp-json\/wp\/v2\/users\/1"}],"replies":[{"embeddable":true,"href":"https:\/\/juliebessard.com\/fr\/wp-json\/wp\/v2\/comments?post=6"}],"version-history":[{"count":13,"href":"https:\/\/juliebessard.com\/fr\/wp-json\/wp\/v2\/pages\/6\/revisions"}],"predecessor-version":[{"id":649,"href":"https:\/\/juliebessard.com\/fr\/wp-json\/wp\/v2\/pages\/6\/revisions\/649"}],"wp:attachment":[{"href":"https:\/\/juliebessard.com\/fr\/wp-json\/wp\/v2\/media?parent=6"}],"curies":[{"name":"wp","href":"https:\/\/api.w.org\/{rel}","templated":true}]}}